{"id":484,"date":"2025-09-03T13:23:38","date_gmt":"2025-09-03T11:23:38","guid":{"rendered":"http:\/\/dipenda.es\/?page_id=484"},"modified":"2026-03-06T20:28:52","modified_gmt":"2026-03-06T19:28:52","slug":"blog","status":"publish","type":"page","link":"https:\/\/dipenda.es\/index.php\/blog\/","title":{"rendered":"Blog"},"content":{"rendered":"\t\t<div data-elementor-type=\"wp-page\" data-elementor-id=\"484\" class=\"elementor elementor-484\" data-elementor-post-type=\"page\">\n\t\t\t\t<div class=\"elementor-element elementor-element-64740f0 e-flex e-con-boxed e-con e-parent\" data-id=\"64740f0\" data-element_type=\"container\" data-settings=\"{&quot;background_background&quot;:&quot;classic&quot;}\">\n\t\t\t\t\t<div class=\"e-con-inner\">\n\t\t\t\t<div class=\"elementor-element elementor-element-49f96fc elementor-widget elementor-widget-heading\" data-id=\"49f96fc\" data-element_type=\"widget\" data-widget_type=\"heading.default\">\n\t\t\t\t\t<h1 class=\"elementor-heading-title elementor-size-default\">Nuestro blog<\/h1>\t\t\t\t<\/div>\n\t\t\t\t\t<\/div>\n\t\t\t\t<\/div>\n\t\t<div class=\"elementor-element elementor-element-7705547 e-flex e-con-boxed e-con e-parent\" data-id=\"7705547\" data-element_type=\"container\">\n\t\t\t\t\t<div class=\"e-con-inner\">\n\t\t<div class=\"elementor-element elementor-element-5ed5f77 e-con-full e-flex e-con e-child\" data-id=\"5ed5f77\" data-element_type=\"container\">\n\t\t\t\t<div class=\"elementor-element elementor-element-3306360 elementor-grid-2 elementor-grid-tablet-2 elementor-grid-mobile-1 elementor-posts--thumbnail-top elementor-card-shadow-yes elementor-posts__hover-gradient elementor-widget elementor-widget-posts\" data-id=\"3306360\" data-element_type=\"widget\" data-settings=\"{&quot;cards_columns&quot;:&quot;2&quot;,&quot;cards_row_gap&quot;:{&quot;unit&quot;:&quot;px&quot;,&quot;size&quot;:25,&quot;sizes&quot;:[]},&quot;pagination_type&quot;:&quot;numbers_and_prev_next&quot;,&quot;cards_columns_tablet&quot;:&quot;2&quot;,&quot;cards_columns_mobile&quot;:&quot;1&quot;,&quot;cards_row_gap_tablet&quot;:{&quot;unit&quot;:&quot;px&quot;,&quot;size&quot;:&quot;&quot;,&quot;sizes&quot;:[]},&quot;cards_row_gap_mobile&quot;:{&quot;unit&quot;:&quot;px&quot;,&quot;size&quot;:&quot;&quot;,&quot;sizes&quot;:[]}}\" data-widget_type=\"posts.cards\">\n\t\t\t\t<div class=\"elementor-widget-container\">\n\t\t\t\t\t\t\t<div class=\"elementor-posts-container elementor-posts elementor-posts--skin-cards elementor-grid\" role=\"list\">\n\t\t\t\t<article class=\"elementor-post elementor-grid-item post-620 post type-post status-publish format-standard has-post-thumbnail hentry category-historias-y-comunidad\" role=\"listitem\">\n\t\t\t<div class=\"elementor-post__card\">\n\t\t\t\t<a class=\"elementor-post__thumbnail__link\" href=\"https:\/\/dipenda.es\/index.php\/2025\/09\/16\/test-del-blog\/\" tabindex=\"-1\" ><div class=\"elementor-post__thumbnail\"><img fetchpriority=\"high\" decoding=\"async\" width=\"800\" height=\"386\" src=\"https:\/\/dipenda.es\/wp-content\/uploads\/2025\/09\/Plano-centro-canino-1024x494.jpg\" class=\"attachment-large size-large wp-image-621\" alt=\"plano centro canino\" srcset=\"https:\/\/dipenda.es\/wp-content\/uploads\/2025\/09\/Plano-centro-canino-1024x494.jpg 1024w, https:\/\/dipenda.es\/wp-content\/uploads\/2025\/09\/Plano-centro-canino-300x145.jpg 300w, https:\/\/dipenda.es\/wp-content\/uploads\/2025\/09\/Plano-centro-canino-768x370.jpg 768w, https:\/\/dipenda.es\/wp-content\/uploads\/2025\/09\/Plano-centro-canino.jpg 1058w\" sizes=\"(max-width: 800px) 100vw, 800px\" \/><\/div><\/a>\n\t\t\t\t<div class=\"elementor-post__badge\">Historias y comunidad<\/div>\n\t\t\t\t<div class=\"elementor-post__text\">\n\t\t\t\t<h2 class=\"elementor-post__title\">\n\t\t\t<a href=\"https:\/\/dipenda.es\/index.php\/2025\/09\/16\/test-del-blog\/\" >\n\t\t\t\tTest del blog\t\t\t<\/a>\n\t\t<\/h2>\n\t\t\t\t<div class=\"elementor-post__excerpt\">\n\t\t\t<p>Esto es solo una prueba La imagen del centro canino que alg\u00fan d\u00eda montar\u00e9 jejeje<\/p>\n\t\t<\/div>\n\t\t\n\t\t<a class=\"elementor-post__read-more\" href=\"https:\/\/dipenda.es\/index.php\/2025\/09\/16\/test-del-blog\/\" aria-label=\"M\u00e1s informaci\u00f3n sobre Test del blog\" tabindex=\"-1\" >\n\t\t\tAprender \u00bb\t\t<\/a>\n\n\t\t\t\t<\/div>\n\t\t\t\t<div class=\"elementor-post__meta-data\">\n\t\t\t\t\t<span class=\"elementor-post-author\">\n\t\t\tdipenda\t\t<\/span>\n\t\t\t\t<span class=\"elementor-post-date\">\n\t\t\tseptiembre 16, 2025\t\t<\/span>\n\t\t\t\t<\/div>\n\t\t\t\t\t<\/div>\n\t\t<\/article>\n\t\t\t\t<article class=\"elementor-post elementor-grid-item post-478 post type-post status-publish format-standard has-post-thumbnail hentry category-perros-y-montana\" role=\"listitem\">\n\t\t\t<div class=\"elementor-post__card\">\n\t\t\t\t<a class=\"elementor-post__thumbnail__link\" href=\"https:\/\/dipenda.es\/index.php\/2025\/09\/03\/montana-y-perro-una-aventura-compartida\/\" tabindex=\"-1\" ><div class=\"elementor-post__thumbnail\"><img decoding=\"async\" width=\"800\" height=\"577\" src=\"https:\/\/dipenda.es\/wp-content\/uploads\/2025\/09\/20250607_102922-1024x739.jpg\" class=\"attachment-large size-large wp-image-624\" alt=\"20250607 102922\" srcset=\"https:\/\/dipenda.es\/wp-content\/uploads\/2025\/09\/20250607_102922-1024x739.jpg 1024w, https:\/\/dipenda.es\/wp-content\/uploads\/2025\/09\/20250607_102922-300x216.jpg 300w, https:\/\/dipenda.es\/wp-content\/uploads\/2025\/09\/20250607_102922-768x554.jpg 768w, https:\/\/dipenda.es\/wp-content\/uploads\/2025\/09\/20250607_102922-1536x1108.jpg 1536w, https:\/\/dipenda.es\/wp-content\/uploads\/2025\/09\/20250607_102922.jpg 2048w\" sizes=\"(max-width: 800px) 100vw, 800px\" \/><\/div><\/a>\n\t\t\t\t<div class=\"elementor-post__badge\">Perros y monta\u00f1a<\/div>\n\t\t\t\t<div class=\"elementor-post__text\">\n\t\t\t\t<h2 class=\"elementor-post__title\">\n\t\t\t<a href=\"https:\/\/dipenda.es\/index.php\/2025\/09\/03\/montana-y-perro-una-aventura-compartida\/\" >\n\t\t\t\tMonta\u00f1a y perro: una aventura compartida\t\t\t<\/a>\n\t\t<\/h2>\n\t\t\t\t<div class=\"elementor-post__excerpt\">\n\t\t\t<p>La monta\u00f1a no solo es un lugar para desconectar, tambi\u00e9n es un espacio donde el v\u00ednculo con tu perro se fortalece. Beneficios para tu perro<\/p>\n\t\t<\/div>\n\t\t\n\t\t<a class=\"elementor-post__read-more\" href=\"https:\/\/dipenda.es\/index.php\/2025\/09\/03\/montana-y-perro-una-aventura-compartida\/\" aria-label=\"M\u00e1s informaci\u00f3n sobre Monta\u00f1a y perro: una aventura compartida\" tabindex=\"-1\" >\n\t\t\tAprender \u00bb\t\t<\/a>\n\n\t\t\t\t<\/div>\n\t\t\t\t<div class=\"elementor-post__meta-data\">\n\t\t\t\t\t<span class=\"elementor-post-author\">\n\t\t\tdipenda\t\t<\/span>\n\t\t\t\t<span class=\"elementor-post-date\">\n\t\t\tseptiembre 3, 2025\t\t<\/span>\n\t\t\t\t<\/div>\n\t\t\t\t\t<\/div>\n\t\t<\/article>\n\t\t\t\t<article class=\"elementor-post elementor-grid-item post-473 post type-post status-publish format-standard has-post-thumbnail hentry category-educacion-y-adiestramiento-canino\" role=\"listitem\">\n\t\t\t<div class=\"elementor-post__card\">\n\t\t\t\t<a class=\"elementor-post__thumbnail__link\" href=\"https:\/\/dipenda.es\/index.php\/2025\/09\/03\/por-que-tu-perro-no-se-porta-mal\/\" tabindex=\"-1\" ><div class=\"elementor-post__thumbnail\"><img decoding=\"async\" width=\"800\" height=\"534\" src=\"https:\/\/dipenda.es\/wp-content\/uploads\/2025\/09\/IMG_0077-1024x683.jpg\" class=\"attachment-large size-large wp-image-612\" alt=\"img 0077\" srcset=\"https:\/\/dipenda.es\/wp-content\/uploads\/2025\/09\/IMG_0077-1024x683.jpg 1024w, https:\/\/dipenda.es\/wp-content\/uploads\/2025\/09\/IMG_0077-300x200.jpg 300w, https:\/\/dipenda.es\/wp-content\/uploads\/2025\/09\/IMG_0077-768x512.jpg 768w, https:\/\/dipenda.es\/wp-content\/uploads\/2025\/09\/IMG_0077-1536x1024.jpg 1536w, https:\/\/dipenda.es\/wp-content\/uploads\/2025\/09\/IMG_0077-2048x1365.jpg 2048w\" sizes=\"(max-width: 800px) 100vw, 800px\" \/><\/div><\/a>\n\t\t\t\t<div class=\"elementor-post__badge\">Educaci\u00f3n y adiestramiento canino<\/div>\n\t\t\t\t<div class=\"elementor-post__text\">\n\t\t\t\t<h2 class=\"elementor-post__title\">\n\t\t\t<a href=\"https:\/\/dipenda.es\/index.php\/2025\/09\/03\/por-que-tu-perro-no-se-porta-mal\/\" >\n\t\t\t\t\u00bfPor qu\u00e9 tu perro no \u201cse porta mal\u201d?\t\t\t<\/a>\n\t\t<\/h2>\n\t\t\t\t<div class=\"elementor-post__excerpt\">\n\t\t\t<p>Muchos tutores se frustran cuando su perro ladra, tira de la correa o parece no escuchar. Pero la verdad es que detr\u00e1s de cada conducta<\/p>\n\t\t<\/div>\n\t\t\n\t\t<a class=\"elementor-post__read-more\" href=\"https:\/\/dipenda.es\/index.php\/2025\/09\/03\/por-que-tu-perro-no-se-porta-mal\/\" aria-label=\"M\u00e1s informaci\u00f3n sobre \u00bfPor qu\u00e9 tu perro no \u201cse porta mal\u201d?\" tabindex=\"-1\" >\n\t\t\tAprender \u00bb\t\t<\/a>\n\n\t\t\t\t<\/div>\n\t\t\t\t<div class=\"elementor-post__meta-data\">\n\t\t\t\t\t<span class=\"elementor-post-author\">\n\t\t\tdipenda\t\t<\/span>\n\t\t\t\t<span class=\"elementor-post-date\">\n\t\t\tseptiembre 3, 2025\t\t<\/span>\n\t\t\t\t<\/div>\n\t\t\t\t\t<\/div>\n\t\t<\/article>\n\t\t\t\t<article class=\"elementor-post elementor-grid-item post-1 post type-post status-publish format-standard hentry category-sin-categoria\" role=\"listitem\">\n\t\t\t<div class=\"elementor-post__card\">\n\t\t\t\t<div class=\"elementor-post__text\">\n\t\t\t\t<h2 class=\"elementor-post__title\">\n\t\t\t<a href=\"https:\/\/dipenda.es\/index.php\/2025\/08\/20\/hola-mundo\/\" >\n\t\t\t\t\u00a1Hola, mundo!\t\t\t<\/a>\n\t\t<\/h2>\n\t\t\t\t<div class=\"elementor-post__excerpt\">\n\t\t\t<p>Te damos la bienvenida a WordPress. Esta es tu primera entrada. Ed\u00edtala o b\u00f3rrala, \u00a1luego empieza a escribir!<\/p>\n\t\t<\/div>\n\t\t\n\t\t<a class=\"elementor-post__read-more\" href=\"https:\/\/dipenda.es\/index.php\/2025\/08\/20\/hola-mundo\/\" aria-label=\"M\u00e1s informaci\u00f3n sobre \u00a1Hola, mundo!\" tabindex=\"-1\" >\n\t\t\tAprender \u00bb\t\t<\/a>\n\n\t\t\t\t<\/div>\n\t\t\t\t<div class=\"elementor-post__meta-data\">\n\t\t\t\t\t<span class=\"elementor-post-author\">\n\t\t\tdipenda\t\t<\/span>\n\t\t\t\t<span class=\"elementor-post-date\">\n\t\t\tagosto 20, 2025\t\t<\/span>\n\t\t\t\t<\/div>\n\t\t\t\t\t<\/div>\n\t\t<\/article>\n\t\t\t\t<\/div>\n\t\t\n\t\t\t\t\t\t<\/div>\n\t\t\t\t<\/div>\n\t\t\t\t<\/div>\n\t\t<div class=\"elementor-element elementor-element-a533c11 e-con-full e-flex e-con e-child\" data-id=\"a533c11\" data-element_type=\"container\">\n\t\t\t\t<div class=\"elementor-element elementor-element-2cda98f elementor-widget elementor-widget-heading\" data-id=\"2cda98f\" data-element_type=\"widget\" data-widget_type=\"heading.default\">\n\t\t\t\t\t<h4 class=\"elementor-heading-title elementor-size-default\">Categor\u00edas<\/h4>\t\t\t\t<\/div>\n\t\t\t\t<div class=\"elementor-element elementor-element-2e8f50d elementor-widget__width-inherit hfe-nav-menu__align-left hfe-submenu-icon-arrow hfe-link-redirect-child hfe-nav-menu__breakpoint-tablet elementor-widget elementor-widget-navigation-menu\" data-id=\"2e8f50d\" data-element_type=\"widget\" data-settings=\"{&quot;padding_horizontal_menu_item&quot;:{&quot;unit&quot;:&quot;px&quot;,&quot;size&quot;:15,&quot;sizes&quot;:[]},&quot;padding_horizontal_menu_item_tablet&quot;:{&quot;unit&quot;:&quot;px&quot;,&quot;size&quot;:&quot;&quot;,&quot;sizes&quot;:[]},&quot;padding_horizontal_menu_item_mobile&quot;:{&quot;unit&quot;:&quot;px&quot;,&quot;size&quot;:&quot;&quot;,&quot;sizes&quot;:[]},&quot;padding_vertical_menu_item&quot;:{&quot;unit&quot;:&quot;px&quot;,&quot;size&quot;:15,&quot;sizes&quot;:[]},&quot;padding_vertical_menu_item_tablet&quot;:{&quot;unit&quot;:&quot;px&quot;,&quot;size&quot;:&quot;&quot;,&quot;sizes&quot;:[]},&quot;padding_vertical_menu_item_mobile&quot;:{&quot;unit&quot;:&quot;px&quot;,&quot;size&quot;:&quot;&quot;,&quot;sizes&quot;:[]},&quot;menu_space_between&quot;:{&quot;unit&quot;:&quot;px&quot;,&quot;size&quot;:&quot;&quot;,&quot;sizes&quot;:[]},&quot;menu_space_between_tablet&quot;:{&quot;unit&quot;:&quot;px&quot;,&quot;size&quot;:&quot;&quot;,&quot;sizes&quot;:[]},&quot;menu_space_between_mobile&quot;:{&quot;unit&quot;:&quot;px&quot;,&quot;size&quot;:&quot;&quot;,&quot;sizes&quot;:[]},&quot;dropdown_border_radius&quot;:{&quot;unit&quot;:&quot;px&quot;,&quot;top&quot;:&quot;&quot;,&quot;right&quot;:&quot;&quot;,&quot;bottom&quot;:&quot;&quot;,&quot;left&quot;:&quot;&quot;,&quot;isLinked&quot;:true},&quot;dropdown_border_radius_tablet&quot;:{&quot;unit&quot;:&quot;px&quot;,&quot;top&quot;:&quot;&quot;,&quot;right&quot;:&quot;&quot;,&quot;bottom&quot;:&quot;&quot;,&quot;left&quot;:&quot;&quot;,&quot;isLinked&quot;:true},&quot;dropdown_border_radius_mobile&quot;:{&quot;unit&quot;:&quot;px&quot;,&quot;top&quot;:&quot;&quot;,&quot;right&quot;:&quot;&quot;,&quot;bottom&quot;:&quot;&quot;,&quot;left&quot;:&quot;&quot;,&quot;isLinked&quot;:true},&quot;padding_horizontal_dropdown_item&quot;:{&quot;unit&quot;:&quot;px&quot;,&quot;size&quot;:&quot;&quot;,&quot;sizes&quot;:[]},&quot;padding_horizontal_dropdown_item_tablet&quot;:{&quot;unit&quot;:&quot;px&quot;,&quot;size&quot;:&quot;&quot;,&quot;sizes&quot;:[]},&quot;padding_horizontal_dropdown_item_mobile&quot;:{&quot;unit&quot;:&quot;px&quot;,&quot;size&quot;:&quot;&quot;,&quot;sizes&quot;:[]},&quot;padding_vertical_dropdown_item&quot;:{&quot;unit&quot;:&quot;px&quot;,&quot;size&quot;:15,&quot;sizes&quot;:[]},&quot;padding_vertical_dropdown_item_tablet&quot;:{&quot;unit&quot;:&quot;px&quot;,&quot;size&quot;:&quot;&quot;,&quot;sizes&quot;:[]},&quot;padding_vertical_dropdown_item_mobile&quot;:{&quot;unit&quot;:&quot;px&quot;,&quot;size&quot;:&quot;&quot;,&quot;sizes&quot;:[]},&quot;distance_from_menu&quot;:{&quot;unit&quot;:&quot;px&quot;,&quot;size&quot;:&quot;&quot;,&quot;sizes&quot;:[]},&quot;distance_from_menu_tablet&quot;:{&quot;unit&quot;:&quot;px&quot;,&quot;size&quot;:&quot;&quot;,&quot;sizes&quot;:[]},&quot;distance_from_menu_mobile&quot;:{&quot;unit&quot;:&quot;px&quot;,&quot;size&quot;:&quot;&quot;,&quot;sizes&quot;:[]},&quot;toggle_size&quot;:{&quot;unit&quot;:&quot;px&quot;,&quot;size&quot;:&quot;&quot;,&quot;sizes&quot;:[]},&quot;toggle_size_tablet&quot;:{&quot;unit&quot;:&quot;px&quot;,&quot;size&quot;:&quot;&quot;,&quot;sizes&quot;:[]},&quot;toggle_size_mobile&quot;:{&quot;unit&quot;:&quot;px&quot;,&quot;size&quot;:&quot;&quot;,&quot;sizes&quot;:[]},&quot;toggle_border_width&quot;:{&quot;unit&quot;:&quot;px&quot;,&quot;size&quot;:&quot;&quot;,&quot;sizes&quot;:[]},&quot;toggle_border_width_tablet&quot;:{&quot;unit&quot;:&quot;px&quot;,&quot;size&quot;:&quot;&quot;,&quot;sizes&quot;:[]},&quot;toggle_border_width_mobile&quot;:{&quot;unit&quot;:&quot;px&quot;,&quot;size&quot;:&quot;&quot;,&quot;sizes&quot;:[]},&quot;toggle_border_radius&quot;:{&quot;unit&quot;:&quot;px&quot;,&quot;size&quot;:&quot;&quot;,&quot;sizes&quot;:[]},&quot;toggle_border_radius_tablet&quot;:{&quot;unit&quot;:&quot;px&quot;,&quot;size&quot;:&quot;&quot;,&quot;sizes&quot;:[]},&quot;toggle_border_radius_mobile&quot;:{&quot;unit&quot;:&quot;px&quot;,&quot;size&quot;:&quot;&quot;,&quot;sizes&quot;:[]}}\" data-widget_type=\"navigation-menu.default\">\n\t\t\t\t<div class=\"elementor-widget-container\">\n\t\t\t\t\t\t\t\t<div class=\"hfe-nav-menu hfe-layout-vertical hfe-nav-menu-layout vertical\" data-layout=\"vertical\">\n\t\t\t\t<div role=\"button\" class=\"hfe-nav-menu__toggle elementor-clickable\" tabindex=\"0\" aria-label=\"Menu Toggle\">\n\t\t\t\t\t<span class=\"screen-reader-text\">Men\u00fa<\/span>\n\t\t\t\t\t<div class=\"hfe-nav-menu-icon\">\n\t\t\t\t\t\t<svg aria-hidden=\"true\"  class=\"e-font-icon-svg e-fas-align-justify\" viewBox=\"0 0 448 512\" xmlns=\"http:\/\/www.w3.org\/2000\/svg\"><path d=\"M432 416H16a16 16 0 0 0-16 16v32a16 16 0 0 0 16 16h416a16 16 0 0 0 16-16v-32a16 16 0 0 0-16-16zm0-128H16a16 16 0 0 0-16 16v32a16 16 0 0 0 16 16h416a16 16 0 0 0 16-16v-32a16 16 0 0 0-16-16zm0-128H16a16 16 0 0 0-16 16v32a16 16 0 0 0 16 16h416a16 16 0 0 0 16-16v-32a16 16 0 0 0-16-16zm0-128H16A16 16 0 0 0 0 48v32a16 16 0 0 0 16 16h416a16 16 0 0 0 16-16V48a16 16 0 0 0-16-16z\"><\/path><\/svg>\t\t\t\t\t<\/div>\n\t\t\t\t<\/div>\n\t\t\t\t<nav class=\"hfe-nav-menu__layout-vertical hfe-nav-menu__submenu-arrow\" data-toggle-icon=\"&lt;svg aria-hidden=&quot;true&quot; tabindex=&quot;0&quot; class=&quot;e-font-icon-svg e-fas-align-justify&quot; viewBox=&quot;0 0 448 512&quot; xmlns=&quot;http:\/\/www.w3.org\/2000\/svg&quot;&gt;&lt;path d=&quot;M432 416H16a16 16 0 0 0-16 16v32a16 16 0 0 0 16 16h416a16 16 0 0 0 16-16v-32a16 16 0 0 0-16-16zm0-128H16a16 16 0 0 0-16 16v32a16 16 0 0 0 16 16h416a16 16 0 0 0 16-16v-32a16 16 0 0 0-16-16zm0-128H16a16 16 0 0 0-16 16v32a16 16 0 0 0 16 16h416a16 16 0 0 0 16-16v-32a16 16 0 0 0-16-16zm0-128H16A16 16 0 0 0 0 48v32a16 16 0 0 0 16 16h416a16 16 0 0 0 16-16V48a16 16 0 0 0-16-16z&quot;&gt;&lt;\/path&gt;&lt;\/svg&gt;\" data-close-icon=\"&lt;svg aria-hidden=&quot;true&quot; tabindex=&quot;0&quot; class=&quot;e-font-icon-svg e-far-window-close&quot; viewBox=&quot;0 0 512 512&quot; xmlns=&quot;http:\/\/www.w3.org\/2000\/svg&quot;&gt;&lt;path d=&quot;M464 32H48C21.5 32 0 53.5 0 80v352c0 26.5 21.5 48 48 48h416c26.5 0 48-21.5 48-48V80c0-26.5-21.5-48-48-48zm0 394c0 3.3-2.7 6-6 6H54c-3.3 0-6-2.7-6-6V86c0-3.3 2.7-6 6-6h404c3.3 0 6 2.7 6 6v340zM356.5 194.6L295.1 256l61.4 61.4c4.6 4.6 4.6 12.1 0 16.8l-22.3 22.3c-4.6 4.6-12.1 4.6-16.8 0L256 295.1l-61.4 61.4c-4.6 4.6-12.1 4.6-16.8 0l-22.3-22.3c-4.6-4.6-4.6-12.1 0-16.8l61.4-61.4-61.4-61.4c-4.6-4.6-4.6-12.1 0-16.8l22.3-22.3c4.6-4.6 12.1-4.6 16.8 0l61.4 61.4 61.4-61.4c4.6-4.6 12.1-4.6 16.8 0l22.3 22.3c4.7 4.6 4.7 12.1 0 16.8z&quot;&gt;&lt;\/path&gt;&lt;\/svg&gt;\" data-full-width=\"yes\">\n\t\t\t\t\t<ul id=\"menu-1-2e8f50d\" class=\"hfe-nav-menu\"><li id=\"menu-item-493\" class=\"menu-item menu-item-type-custom menu-item-object-custom parent hfe-creative-menu\"><a href=\"http:\/\/dipenda.es\/index.php\/blog\/\" class = \"hfe-menu-item\">Todos<\/a><\/li>\n<li id=\"menu-item-505\" class=\"menu-item menu-item-type-taxonomy menu-item-object-category parent hfe-creative-menu\"><a href=\"https:\/\/dipenda.es\/index.php\/category\/educacion-y-adiestramiento-canino\/\" class = \"hfe-menu-item\">Educaci\u00f3n y adiestramiento canino<\/a><\/li>\n<li id=\"menu-item-508\" class=\"menu-item menu-item-type-taxonomy menu-item-object-category parent hfe-creative-menu\"><a href=\"https:\/\/dipenda.es\/index.php\/category\/perros-y-montana\/\" class = \"hfe-menu-item\">Perros y monta\u00f1a<\/a><\/li>\n<li id=\"menu-item-509\" class=\"menu-item menu-item-type-taxonomy menu-item-object-category parent hfe-creative-menu\"><a href=\"https:\/\/dipenda.es\/index.php\/category\/salud-y-bienestar\/\" class = \"hfe-menu-item\">Salud y bienestar<\/a><\/li>\n<li id=\"menu-item-506\" class=\"menu-item menu-item-type-taxonomy menu-item-object-category parent hfe-creative-menu\"><a href=\"https:\/\/dipenda.es\/index.php\/category\/etapas-de-vida-del-perro\/\" class = \"hfe-menu-item\">Etapas de vida del perro<\/a><\/li>\n<li id=\"menu-item-507\" class=\"menu-item menu-item-type-taxonomy menu-item-object-category parent hfe-creative-menu\"><a href=\"https:\/\/dipenda.es\/index.php\/category\/historias-y-comunidad\/\" class = \"hfe-menu-item\">Historias y comunidad<\/a><\/li>\n<\/ul> \n\t\t\t\t<\/nav>\n\t\t\t<\/div>\n\t\t\t\t\t\t\t<\/div>\n\t\t\t\t<\/div>\n\t\t\t\t<\/div>\n\t\t\t\t\t<\/div>\n\t\t\t\t<\/div>\n\t\t\t\t<\/div>\n\t\t","protected":false},"excerpt":{"rendered":"<p>Nuestro blog Categor\u00edas Men\u00fa Todos Educaci\u00f3n y adiestramiento canino Perros y monta\u00f1a Salud y bienestar Etapas de vida del perro Historias y comunidad<\/p>\n","protected":false},"author":1,"featured_media":0,"parent":0,"menu_order":0,"comment_status":"closed","ping_status":"closed","template":"","meta":{"footnotes":""},"class_list":["post-484","page","type-page","status-publish","hentry"],"_links":{"self":[{"href":"https:\/\/dipenda.es\/index.php\/wp-json\/wp\/v2\/pages\/484","targetHints":{"allow":["GET"]}}],"collection":[{"href":"https:\/\/dipenda.es\/index.php\/wp-json\/wp\/v2\/pages"}],"about":[{"href":"https:\/\/dipenda.es\/index.php\/wp-json\/wp\/v2\/types\/page"}],"author":[{"embeddable":true,"href":"https:\/\/dipenda.es\/index.php\/wp-json\/wp\/v2\/users\/1"}],"replies":[{"embeddable":true,"href":"https:\/\/dipenda.es\/index.php\/wp-json\/wp\/v2\/comments?post=484"}],"version-history":[{"count":50,"href":"https:\/\/dipenda.es\/index.php\/wp-json\/wp\/v2\/pages\/484\/revisions"}],"predecessor-version":[{"id":761,"href":"https:\/\/dipenda.es\/index.php\/wp-json\/wp\/v2\/pages\/484\/revisions\/761"}],"wp:attachment":[{"href":"https:\/\/dipenda.es\/index.php\/wp-json\/wp\/v2\/media?parent=484"}],"curies":[{"name":"wp","href":"https:\/\/api.w.org\/{rel}","templated":true}]}}