{"id":23,"date":"2025-08-20T13:52:50","date_gmt":"2025-08-20T11:52:50","guid":{"rendered":"http:\/\/dipenda.es\/?page_id=23"},"modified":"2026-04-21T18:41:00","modified_gmt":"2026-04-21T15:41:00","slug":"sobre-mi","status":"publish","type":"page","link":"https:\/\/dipenda.es\/index.php\/sobre-mi\/","title":{"rendered":"Sobre m\u00ed"},"content":{"rendered":"\t\t<div data-elementor-type=\"wp-page\" data-elementor-id=\"23\" class=\"elementor elementor-23\" data-elementor-post-type=\"page\">\n\t\t\t\t<div class=\"elementor-element elementor-element-2f48bcb e-flex e-con-boxed e-con e-parent\" data-id=\"2f48bcb\" data-element_type=\"container\">\n\t\t\t\t\t<div class=\"e-con-inner\">\n\t\t<div class=\"elementor-element elementor-element-29f1bb9 e-con-full e-flex e-con e-child\" data-id=\"29f1bb9\" data-element_type=\"container\">\n\t\t\t\t<div class=\"elementor-element elementor-element-0a44a7c elementor-widget elementor-widget-text-editor\" data-id=\"0a44a7c\" data-element_type=\"widget\" data-widget_type=\"text-editor.default\">\n\t\t\t\t\t\t\t\t\t<h1>SOY ALEJANDRO.<br \/>CREADOR DE DIPENDA<\/h1><h2>Hoy mi vida gira en torno a ayudar a familias a convivir en armon\u00eda con sus compa\u00f1eros de<br \/>cuatro patas y a compartir con ellos experiencias en la naturaleza.<br \/>Pero no siempre fue as\u00ed.<\/h2><h2>De peque\u00f1o me daban miedo los perros.<br \/>Mucho.<\/h2><h2>Con los a\u00f1os ese p\u00e1nico se fue diluyendo, pero tampoco les prestaba demasiada atenci\u00f3n.<\/h2><h2>Todo cambi\u00f3 cuando conoc\u00ed a personas que rescataban perros en una protectora&#8230;<\/h2>\t\t\t\t\t\t\t\t<\/div>\n\t\t\t\t<\/div>\n\t\t<div class=\"elementor-element elementor-element-b438ef6 e-con-full e-flex e-con e-child\" data-id=\"b438ef6\" data-element_type=\"container\">\n\t\t\t\t<div class=\"elementor-element elementor-element-27007c5 elementor-widget elementor-widget-image\" data-id=\"27007c5\" data-element_type=\"widget\" data-widget_type=\"image.default\">\n\t\t\t\t\t\t\t\t\t\t\t\t\t\t\t<img fetchpriority=\"high\" decoding=\"async\" width=\"800\" height=\"800\" src=\"https:\/\/dipenda.es\/wp-content\/uploads\/2026\/03\/servicios-WEB-1024x1024.png\" class=\"attachment-large size-large wp-image-907\" alt=\"servicios web\" srcset=\"https:\/\/dipenda.es\/wp-content\/uploads\/2026\/03\/servicios-WEB-1024x1024.png 1024w, https:\/\/dipenda.es\/wp-content\/uploads\/2026\/03\/servicios-WEB-300x300.png 300w, https:\/\/dipenda.es\/wp-content\/uploads\/2026\/03\/servicios-WEB-150x150.png 150w, https:\/\/dipenda.es\/wp-content\/uploads\/2026\/03\/servicios-WEB-768x768.png 768w, https:\/\/dipenda.es\/wp-content\/uploads\/2026\/03\/servicios-WEB.png 1080w\" sizes=\"(max-width: 800px) 100vw, 800px\" \/>\t\t\t\t\t\t\t\t\t\t\t\t\t\t\t<\/div>\n\t\t\t\t<div class=\"elementor-element elementor-element-882aab5 elementor-widget elementor-widget-text-editor\" data-id=\"882aab5\" data-element_type=\"widget\" data-widget_type=\"text-editor.default\">\n\t\t\t\t\t\t\t\t\t<h6><span style=\"font-size: 1rem;\">Conozca todas las teor\u00edas, domine todas las t\u00e9cnicas, pero al tocar un alma humana sea tan s\u00f3lo otra alma humana.<\/span><\/h6><blockquote><p><b>Carl G. Jung<\/b><\/p>\n<\/blockquote>\t\t\t\t\t\t\t\t<\/div>\n\t\t\t\t<\/div>\n\t\t<div class=\"elementor-element elementor-element-21dbd57 e-con-full e-flex e-con e-child\" data-id=\"21dbd57\" data-element_type=\"container\">\n\t\t\t\t<div class=\"elementor-element elementor-element-786312e elementor-widget elementor-widget-text-editor\" data-id=\"786312e\" data-element_type=\"widget\" data-widget_type=\"text-editor.default\">\n\t\t\t\t\t\t\t\t\t<h2>Al escuchar sus historias me descubr\u00ed emocion\u00e1ndome, porque por primera vez ve\u00eda la vida y el sufrimiento que hab\u00eda detr\u00e1s de esos animales que tanto me hab\u00edan asustado.<\/h2><h2>Me anim\u00e9 a ser casa de acogida. Disfrutaba de acompa\u00f1arlos, de ayudarles a sanar y volver a confiar.<\/h2>\t\t\t\t\t\t\t\t<\/div>\n\t\t\t\t<\/div>\n\t\t\t\t\t<\/div>\n\t\t\t\t<\/div>\n\t\t<div class=\"elementor-element elementor-element-ebc1d16 e-flex e-con-boxed e-con e-parent\" data-id=\"ebc1d16\" data-element_type=\"container\">\n\t\t\t\t\t<div class=\"e-con-inner\">\n\t\t<div class=\"elementor-element elementor-element-7377f53 e-con-full e-flex e-con e-child\" data-id=\"7377f53\" data-element_type=\"container\">\n\t\t\t\t<div class=\"elementor-element elementor-element-58145d7 elementor-widget elementor-widget-image\" data-id=\"58145d7\" data-element_type=\"widget\" data-widget_type=\"image.default\">\n\t\t\t\t\t\t\t\t\t\t\t\t\t\t\t<img decoding=\"async\" width=\"800\" height=\"800\" src=\"https:\/\/dipenda.es\/wp-content\/uploads\/2025\/08\/servicios-WEB-2-1024x1024.png\" class=\"attachment-large size-large wp-image-224\" alt=\"servicios web (2)\" srcset=\"https:\/\/dipenda.es\/wp-content\/uploads\/2025\/08\/servicios-WEB-2-1024x1024.png 1024w, https:\/\/dipenda.es\/wp-content\/uploads\/2025\/08\/servicios-WEB-2-300x300.png 300w, https:\/\/dipenda.es\/wp-content\/uploads\/2025\/08\/servicios-WEB-2-150x150.png 150w, https:\/\/dipenda.es\/wp-content\/uploads\/2025\/08\/servicios-WEB-2-768x768.png 768w, https:\/\/dipenda.es\/wp-content\/uploads\/2025\/08\/servicios-WEB-2.png 1080w\" sizes=\"(max-width: 800px) 100vw, 800px\" \/>\t\t\t\t\t\t\t\t\t\t\t\t\t\t\t<\/div>\n\t\t\t\t<\/div>\n\t\t<div class=\"elementor-element elementor-element-ab3f0c6 e-con-full e-flex e-con e-child\" data-id=\"ab3f0c6\" data-element_type=\"container\">\n\t\t\t\t<div class=\"elementor-element elementor-element-9980ea7 elementor-widget elementor-widget-text-editor\" data-id=\"9980ea7\" data-element_type=\"widget\" data-widget_type=\"text-editor.default\">\n\t\t\t\t\t\t\t\t\t<h2>Hasta que lleg\u00f3 <strong>Hiper<\/strong>, mi alma gemela.<\/h2><h2>Vi a un perro que no sab\u00eda estar quieto, que se met\u00eda en lios, incomprendido, que hab\u00eda sido castigado&#8230;<br \/>Y vi reflejado en \u00e9l mi ni\u00f1ez.<\/h2><h2>Para poder ayudarle contrat\u00e9 a un educador y cuando le vi trabajar pens\u00e9:<em><br \/><\/em>\u201cYo quiero aprender a hacer esto\u201d<em>.<\/em><\/h2><h2>Desde entonces me form\u00e9 sin descanso, asistiendo a todos los cursos y seminarios que me permitieran comprender m\u00e1s y mejor a los perros. Con el tiempo, fui descubriendo mi propio camino.<\/h2>\t\t\t\t\t\t\t\t<\/div>\n\t\t\t\t<\/div>\n\t\t\t\t\t<\/div>\n\t\t\t\t<\/div>\n\t\t<div class=\"elementor-element elementor-element-5024c5d e-flex e-con-boxed e-con e-parent\" data-id=\"5024c5d\" data-element_type=\"container\">\n\t\t\t\t\t<div class=\"e-con-inner\">\n\t\t<div class=\"elementor-element elementor-element-618b0a1 e-con-full e-flex e-con e-child\" data-id=\"618b0a1\" data-element_type=\"container\">\n\t\t\t\t<div class=\"elementor-element elementor-element-9a8b921 elementor-widget elementor-widget-text-editor\" data-id=\"9a8b921\" data-element_type=\"widget\" data-widget_type=\"text-editor.default\">\n\t\t\t\t\t\t\t\t\t<h2>A pesar de que me dec\u00edan que deb\u00eda controlarlo todo, yo en cambio sent\u00eda que cuando est\u00e1bamos en la monta\u00f1a y dejaba de preocuparme, todo iba de otra manera.<\/h2><h2>Poco a poco fui teniendo claro que mi proyecto como educador canino deb\u00eda incorporar la monta\u00f1a como parte de la terapia. <br \/>No ha sido sencillo, no hab\u00eda nadie haciendo esto. <br \/>Siendo educador canino y gu\u00eda de monta\u00f1a al mismo tiempo.<\/h2>\t\t\t\t\t\t\t\t<\/div>\n\t\t\t\t<\/div>\n\t\t<div class=\"elementor-element elementor-element-3dbf2a1 e-con-full e-flex e-con e-child\" data-id=\"3dbf2a1\" data-element_type=\"container\">\n\t\t\t\t<div class=\"elementor-element elementor-element-a80d4fb elementor-widget elementor-widget-image\" data-id=\"a80d4fb\" data-element_type=\"widget\" data-widget_type=\"image.default\">\n\t\t\t\t\t\t\t\t\t\t\t\t\t\t\t<img decoding=\"async\" width=\"800\" height=\"800\" src=\"https:\/\/dipenda.es\/wp-content\/uploads\/2025\/08\/servicios-WEB-1-1024x1024.png\" class=\"attachment-large size-large wp-image-223\" alt=\"servicios web (1)\" srcset=\"https:\/\/dipenda.es\/wp-content\/uploads\/2025\/08\/servicios-WEB-1-1024x1024.png 1024w, https:\/\/dipenda.es\/wp-content\/uploads\/2025\/08\/servicios-WEB-1-300x300.png 300w, https:\/\/dipenda.es\/wp-content\/uploads\/2025\/08\/servicios-WEB-1-150x150.png 150w, https:\/\/dipenda.es\/wp-content\/uploads\/2025\/08\/servicios-WEB-1-768x768.png 768w, https:\/\/dipenda.es\/wp-content\/uploads\/2025\/08\/servicios-WEB-1.png 1080w\" sizes=\"(max-width: 800px) 100vw, 800px\" \/>\t\t\t\t\t\t\t\t\t\t\t\t\t\t\t<\/div>\n\t\t\t\t<\/div>\n\t\t\t\t\t<\/div>\n\t\t\t\t<\/div>\n\t\t<div class=\"elementor-element elementor-element-42db730 e-flex e-con-boxed e-con e-parent\" data-id=\"42db730\" data-element_type=\"container\">\n\t\t\t\t\t<div class=\"e-con-inner\">\n\t\t<div class=\"elementor-element elementor-element-86f68bd e-con-full e-flex e-con e-child\" data-id=\"86f68bd\" data-element_type=\"container\">\n\t\t\t\t<div class=\"elementor-element elementor-element-a15cd22 elementor-widget elementor-widget-image\" data-id=\"a15cd22\" data-element_type=\"widget\" data-widget_type=\"image.default\">\n\t\t\t\t\t\t\t\t\t\t\t\t\t\t\t<img loading=\"lazy\" decoding=\"async\" width=\"800\" height=\"534\" src=\"https:\/\/dipenda.es\/wp-content\/uploads\/2026\/03\/DSC00351-1024x684.jpg\" class=\"attachment-large size-large wp-image-911\" alt=\"dsc00351\" srcset=\"https:\/\/dipenda.es\/wp-content\/uploads\/2026\/03\/DSC00351-1024x684.jpg 1024w, https:\/\/dipenda.es\/wp-content\/uploads\/2026\/03\/DSC00351-300x200.jpg 300w, https:\/\/dipenda.es\/wp-content\/uploads\/2026\/03\/DSC00351-768x513.jpg 768w, https:\/\/dipenda.es\/wp-content\/uploads\/2026\/03\/DSC00351-1536x1027.jpg 1536w, https:\/\/dipenda.es\/wp-content\/uploads\/2026\/03\/DSC00351.jpg 1616w\" sizes=\"(max-width: 800px) 100vw, 800px\" \/>\t\t\t\t\t\t\t\t\t\t\t\t\t\t\t<\/div>\n\t\t\t\t<\/div>\n\t\t<div class=\"elementor-element elementor-element-ba99f0f e-con-full e-flex e-con e-child\" data-id=\"ba99f0f\" data-element_type=\"container\">\n\t\t\t\t<div class=\"elementor-element elementor-element-b2861e1 elementor-widget elementor-widget-text-editor\" data-id=\"b2861e1\" data-element_type=\"widget\" data-widget_type=\"text-editor.default\">\n\t\t\t\t\t\t\t\t\t<h2>A\u00f1os despu\u00e9s estoy convencido de que estamos haciendo lo correcto, somos una familia de 6 (2 personas y 4 perros) conviviendo en armon\u00eda. Lo que antes pensaba que era imposible.<\/h2>\t\t\t\t\t\t\t\t<\/div>\n\t\t\t\t<div class=\"elementor-element elementor-element-0abb17f elementor-align-center elementor-widget elementor-widget-button\" data-id=\"0abb17f\" data-element_type=\"widget\" data-widget_type=\"button.default\">\n\t\t\t\t\t\t\t\t\t\t<a class=\"elementor-button elementor-button-link elementor-size-sm elementor-animation-grow\" href=\"http:\/\/dipenda.es\/index.php\/contacto\/\">\n\t\t\t\t\t\t<span class=\"elementor-button-content-wrapper\">\n\t\t\t\t\t\t\t\t\t<span class=\"elementor-button-text\">EMPIEZA TU CAMBIO<\/span>\n\t\t\t\t\t<\/span>\n\t\t\t\t\t<\/a>\n\t\t\t\t\t\t\t\t<\/div>\n\t\t\t\t<\/div>\n\t\t\t\t\t<\/div>\n\t\t\t\t<\/div>\n\t\t\t\t<\/div>\n\t\t","protected":false},"excerpt":{"rendered":"<p>SOY ALEJANDRO.CREADOR DE DIPENDA Hoy mi vida gira en torno a ayudar a familias a convivir en armon\u00eda con sus compa\u00f1eros decuatro patas y a compartir con ellos experiencias en [&hellip;]<\/p>\n","protected":false},"author":1,"featured_media":0,"parent":0,"menu_order":0,"comment_status":"closed","ping_status":"closed","template":"","meta":{"footnotes":""},"class_list":["post-23","page","type-page","status-publish","hentry"],"_links":{"self":[{"href":"https:\/\/dipenda.es\/index.php\/wp-json\/wp\/v2\/pages\/23","targetHints":{"allow":["GET"]}}],"collection":[{"href":"https:\/\/dipenda.es\/index.php\/wp-json\/wp\/v2\/pages"}],"about":[{"href":"https:\/\/dipenda.es\/index.php\/wp-json\/wp\/v2\/types\/page"}],"author":[{"embeddable":true,"href":"https:\/\/dipenda.es\/index.php\/wp-json\/wp\/v2\/users\/1"}],"replies":[{"embeddable":true,"href":"https:\/\/dipenda.es\/index.php\/wp-json\/wp\/v2\/comments?post=23"}],"version-history":[{"count":19,"href":"https:\/\/dipenda.es\/index.php\/wp-json\/wp\/v2\/pages\/23\/revisions"}],"predecessor-version":[{"id":1083,"href":"https:\/\/dipenda.es\/index.php\/wp-json\/wp\/v2\/pages\/23\/revisions\/1083"}],"wp:attachment":[{"href":"https:\/\/dipenda.es\/index.php\/wp-json\/wp\/v2\/media?parent=23"}],"curies":[{"name":"wp","href":"https:\/\/api.w.org\/{rel}","templated":true}]}}